{"id":12,"date":"2022-01-26T12:27:55","date_gmt":"2022-01-26T11:27:55","guid":{"rendered":"https:\/\/www.majvej.cz\/?page_id=12"},"modified":"2022-02-08T12:35:57","modified_gmt":"2022-02-08T11:35:57","slug":"o-nas","status":"publish","type":"page","link":"https:\/\/www.majvej.cz\/?page_id=12","title":{"rendered":"O n\u00e1s"},"content":{"rendered":"\t\t<div data-elementor-type=\"wp-page\" data-elementor-id=\"12\" class=\"elementor elementor-12\">\n\t\t\t\t\t\t<div class=\"elementor-inner\">\n\t\t\t\t<div class=\"elementor-section-wrap\">\n\t\t\t\t\t\t\t\t\t<section class=\"elementor-section elementor-top-section elementor-element elementor-element-2d5e165 elementor-section-boxed elementor-section-height-default elementor-section-height-default\" data-id=\"2d5e165\" data-element_type=\"section\">\n\t\t\t\t\t\t<div class=\"elementor-container elementor-column-gap-default\">\n\t\t\t\t\t\t\t<div class=\"elementor-row\">\n\t\t\t\t\t<div class=\"elementor-column elementor-col-50 elementor-top-column elementor-element elementor-element-b13ceda\" data-id=\"b13ceda\" data-element_type=\"column\">\n\t\t\t<div class=\"elementor-column-wrap elementor-element-populated\">\n\t\t\t\t\t\t\t<div class=\"elementor-widget-wrap\">\n\t\t\t\t\t\t<div class=\"elementor-element elementor-element-4b34985 elementor-widget elementor-widget-image\" data-id=\"4b34985\" data-element_type=\"widget\" data-widget_type=\"image.default\">\n\t\t\t\t<div class=\"elementor-widget-container\">\n\t\t\t\t\t\t\t\t<div class=\"elementor-image\">\n\t\t\t\t\t\t\t\t\t\t\t\t<img decoding=\"async\" width=\"800\" height=\"939\" src=\"https:\/\/www.majvej.cz\/wp-content\/uploads\/2022\/01\/veronika_small.jpg\" class=\"attachment-large size-large wp-image-139\" alt=\"\" loading=\"lazy\" srcset=\"https:\/\/www.majvej.cz\/wp-content\/uploads\/2022\/01\/veronika_small.jpg 800w, https:\/\/www.majvej.cz\/wp-content\/uploads\/2022\/01\/veronika_small-256x300.jpg 256w, https:\/\/www.majvej.cz\/wp-content\/uploads\/2022\/01\/veronika_small-768x901.jpg 768w\" sizes=\"(max-width: 800px) 100vw, 800px\" \/>\t\t\t\t\t\t\t\t\t\t\t\t\t\t<\/div>\n\t\t\t\t\t\t<\/div>\n\t\t\t\t<\/div>\n\t\t\t\t<div class=\"elementor-element elementor-element-9c33d53 elementor-widget elementor-widget-image\" data-id=\"9c33d53\" data-element_type=\"widget\" data-widget_type=\"image.default\">\n\t\t\t\t<div class=\"elementor-widget-container\">\n\t\t\t\t\t\t\t\t<div class=\"elementor-image\">\n\t\t\t\t\t\t\t\t\t\t\t\t<img decoding=\"async\" width=\"371\" height=\"57\" src=\"https:\/\/www.majvej.cz\/wp-content\/uploads\/2022\/01\/podpis.png\" class=\"attachment-large size-large wp-image-14\" alt=\"\" loading=\"lazy\" srcset=\"https:\/\/www.majvej.cz\/wp-content\/uploads\/2022\/01\/podpis.png 371w, https:\/\/www.majvej.cz\/wp-content\/uploads\/2022\/01\/podpis-300x46.png 300w\" sizes=\"(max-width: 371px) 100vw, 371px\" \/>\t\t\t\t\t\t\t\t\t\t\t\t\t\t<\/div>\n\t\t\t\t\t\t<\/div>\n\t\t\t\t<\/div>\n\t\t\t\t\t\t<\/div>\n\t\t\t\t\t<\/div>\n\t\t<\/div>\n\t\t\t\t<div class=\"elementor-column elementor-col-50 elementor-top-column elementor-element elementor-element-d2287e9\" data-id=\"d2287e9\" data-element_type=\"column\">\n\t\t\t<div class=\"elementor-column-wrap elementor-element-populated\">\n\t\t\t\t\t\t\t<div class=\"elementor-widget-wrap\">\n\t\t\t\t\t\t<div class=\"elementor-element elementor-element-e2bd7b6 elementor-widget elementor-widget-text-editor\" data-id=\"e2bd7b6\" data-element_type=\"widget\" data-widget_type=\"text-editor.default\">\n\t\t\t\t<div class=\"elementor-widget-container\">\n\t\t\t\t\t\t\t\t<div class=\"elementor-text-editor elementor-clearfix\">\n\t\t\t\t<p style=\"text-align: justify;\">Veronika Chovancov\u00e1<\/p><p style=\"text-align: justify;\">Jako kade\u0159nice jsem se snad u\u017e narodila, proto\u017ee u\u017e si ani nevzpomenu od kdy jsem j\u00ed cht\u011bla b\u00fdt .Ka\u017edop\u00e1dn\u011b m\u00e1 pr\u00e1ce je mi p\u0159edev\u0161\u00edm kon\u00ed\u010dkem a to m\u011b \u017eene neust\u00e1le kup\u0159edu.<\/p><p>Jednoho dne\u00a0 si man\u017eel vzal do hlavy ,\u017ee mi spln\u00ed m\u016fj sen o kter\u00e9m jsem del\u0161\u00ed dobu p\u0159em\u00fd\u0161lela. A proto\u017ee kdy\u017e si n\u011bco vezme do hlavy ,tak to nevzd\u00e1 dokud se mu to nepovede. A povedlo se . Kade\u0159nictv\u00ed stoj\u00ed \ud83d\ude42 . A tak jsem hrd\u00e1 a \u0161\u0165astn\u00e1 \u017ee m\u00e1m mo\u017enost d\u011blat to co m\u011b bav\u00ed a napl\u0148uje.<\/p><p style=\"text-align: justify;\">R\u00e1da st\u0159\u00edh\u00e1m holky, kluky i d\u011bti ale abych byla up\u0159\u00edmn\u00e1 nejv\u011bt\u0161\u00ed oblibu m\u00e1m ve vytv\u00e1\u0159en\u00ed \u00fa\u010des\u016f jak t\u011bch ka\u017edodenn\u00edch tak spole\u010densk\u00fdch a svatebn\u00edch.<\/p><p style=\"text-align: justify;\">Pracuji s profesion\u00e1ln\u00ed zna\u010dkou Matrix u kter\u00e9 se pravideln\u011b \u0161kol\u00edm a dopl\u0148uji si tak nejnov\u011bj\u0161\u00ed informace ohledn\u011b technik barven\u00ed, mel\u00edrov\u00e1n\u00ed i m\u00edch\u00e1n\u00ed barev, stejn\u011b jako nov\u00fdch trend\u016f v oblasti st\u0159ih\u016f, \u00fapravy a v\u00fd\u017eivy vlas\u016f.<\/p>\t\t\t\t\t<\/div>\n\t\t\t\t\t\t<\/div>\n\t\t\t\t<\/div>\n\t\t\t\t\t\t<\/div>\n\t\t\t\t\t<\/div>\n\t\t<\/div>\n\t\t\t\t\t\t\t\t<\/div>\n\t\t\t\t\t<\/div>\n\t\t<\/section>\n\t\t\t\t\t\t\t\t\t<\/div>\n\t\t\t<\/div>\n\t\t\t\t\t<\/div>\n\t\t","protected":false},"excerpt":{"rendered":"<p>Veronika Chovancov\u00e1 Jako kade\u0159nice jsem se snad u\u017e narodila, proto\u017ee u\u017e si ani nevzpomenu od kdy jsem j\u00ed cht\u011bla b\u00fdt .Ka\u017edop\u00e1dn\u011b m\u00e1 pr\u00e1ce je mi p\u0159edev\u0161\u00edm kon\u00ed\u010dkem a to m\u011b \u017eene neust\u00e1le kup\u0159edu. Jednoho dne&nbsp; si man\u017eel vzal do hlavy ,\u017ee mi spln\u00ed m\u016fj sen o kter\u00e9m jsem del\u0161\u00ed dobu p\u0159em\u00fd\u0161lela. A proto\u017ee kdy\u017e si &hellip;<\/p>\n<p class=\"read-more\"> <a class=\"\" href=\"https:\/\/www.majvej.cz\/?page_id=12\"> <span class=\"screen-reader-text\">O n\u00e1s<\/span> \u010c\u00edst d\u00e1l \u00bb<\/a><\/p>\n","protected":false},"author":1,"featured_media":0,"parent":0,"menu_order":0,"comment_status":"closed","ping_status":"closed","template":"","meta":[],"yoast_head":"<!-- This site is optimized with the Yoast SEO plugin v18.1 - https:\/\/yoast.com\/wordpress\/plugins\/seo\/ -->\n<title>O n\u00e1s - Kade\u0159nictv\u00ed Majvej Kounice<\/title>\n<meta name=\"description\" content=\"Kade\u0159nictv\u00ed Kounice - Kdo jsme a pro\u010d na\u0161\u00ed pr\u00e1ci d\u011bl\u00e1me.\" \/>\n<meta name=\"robots\" content=\"index, follow, max-snippet:-1, max-image-preview:large, max-video-preview:-1\" \/>\n<link rel=\"canonical\" href=\"https:\/\/www.majvej.cz\/?page_id=12\" \/>\n<meta property=\"og:locale\" content=\"cs_CZ\" \/>\n<meta property=\"og:type\" content=\"article\" \/>\n<meta property=\"og:title\" content=\"O n\u00e1s - Kade\u0159nictv\u00ed Majvej Kounice\" \/>\n<meta property=\"og:description\" content=\"Kade\u0159nictv\u00ed Kounice - Kdo jsme a pro\u010d na\u0161\u00ed pr\u00e1ci d\u011bl\u00e1me.\" \/>\n<meta property=\"og:url\" content=\"https:\/\/www.majvej.cz\/?page_id=12\" \/>\n<meta property=\"og:site_name\" content=\"Kade\u0159nictv\u00ed Majvej Kounice\" \/>\n<meta property=\"article:publisher\" content=\"https:\/\/www.facebook.com\/Majvej-kade%c5%99nictv%c3%ad-101940882348115\/\" \/>\n<meta property=\"article:modified_time\" content=\"2022-02-08T11:35:57+00:00\" \/>\n<meta property=\"og:image\" content=\"https:\/\/www.majvej.cz\/wp-content\/uploads\/2022\/01\/veronika_small.jpg\" \/>\n<meta name=\"twitter:card\" content=\"summary_large_image\" \/>\n<meta name=\"twitter:label1\" content=\"Odhadovan\u00e1 doba \u010dten\u00ed\" \/>\n\t<meta name=\"twitter:data1\" content=\"2 minuty\" \/>\n<script type=\"application\/ld+json\" class=\"yoast-schema-graph\">{\"@context\":\"https:\/\/schema.org\",\"@graph\":[{\"@type\":\"Organization\",\"@id\":\"https:\/\/www.majvej.cz\/#organization\",\"name\":\"Kade\u0159nictv\u00ed Majvej\",\"url\":\"https:\/\/www.majvej.cz\/\",\"sameAs\":[\"https:\/\/www.facebook.com\/Majvej-kade\u0159nictv\u00ed-101940882348115\/\"],\"logo\":{\"@type\":\"ImageObject\",\"@id\":\"https:\/\/www.majvej.cz\/#logo\",\"inLanguage\":\"cs\",\"url\":\"https:\/\/www.majvej.cz\/wp-content\/uploads\/2022\/01\/cropped-majvej_V_trans_small.png\",\"contentUrl\":\"https:\/\/www.majvej.cz\/wp-content\/uploads\/2022\/01\/cropped-majvej_V_trans_small.png\",\"width\":400,\"height\":320,\"caption\":\"Kade\u0159nictv\u00ed Majvej\"},\"image\":{\"@id\":\"https:\/\/www.majvej.cz\/#logo\"}},{\"@type\":\"WebSite\",\"@id\":\"https:\/\/www.majvej.cz\/#website\",\"url\":\"https:\/\/www.majvej.cz\/\",\"name\":\"Kade\u0159nictv\u00ed Majvej Kounice\",\"description\":\"Kade\u0159nictv\u00ed Majvej Kounice\",\"publisher\":{\"@id\":\"https:\/\/www.majvej.cz\/#organization\"},\"potentialAction\":[{\"@type\":\"SearchAction\",\"target\":{\"@type\":\"EntryPoint\",\"urlTemplate\":\"https:\/\/www.majvej.cz\/?s={search_term_string}\"},\"query-input\":\"required name=search_term_string\"}],\"inLanguage\":\"cs\"},{\"@type\":\"ImageObject\",\"@id\":\"https:\/\/www.majvej.cz\/?page_id=12#primaryimage\",\"inLanguage\":\"cs\",\"url\":\"https:\/\/www.majvej.cz\/wp-content\/uploads\/2022\/01\/veronika_small.jpg\",\"contentUrl\":\"https:\/\/www.majvej.cz\/wp-content\/uploads\/2022\/01\/veronika_small.jpg\",\"width\":800,\"height\":939},{\"@type\":\"WebPage\",\"@id\":\"https:\/\/www.majvej.cz\/?page_id=12#webpage\",\"url\":\"https:\/\/www.majvej.cz\/?page_id=12\",\"name\":\"O n\u00e1s - Kade\u0159nictv\u00ed Majvej Kounice\",\"isPartOf\":{\"@id\":\"https:\/\/www.majvej.cz\/#website\"},\"primaryImageOfPage\":{\"@id\":\"https:\/\/www.majvej.cz\/?page_id=12#primaryimage\"},\"datePublished\":\"2022-01-26T11:27:55+00:00\",\"dateModified\":\"2022-02-08T11:35:57+00:00\",\"description\":\"Kade\u0159nictv\u00ed Kounice - Kdo jsme a pro\u010d na\u0161\u00ed pr\u00e1ci d\u011bl\u00e1me.\",\"breadcrumb\":{\"@id\":\"https:\/\/www.majvej.cz\/?page_id=12#breadcrumb\"},\"inLanguage\":\"cs\",\"potentialAction\":[{\"@type\":\"ReadAction\",\"target\":[\"https:\/\/www.majvej.cz\/?page_id=12\"]}]},{\"@type\":\"BreadcrumbList\",\"@id\":\"https:\/\/www.majvej.cz\/?page_id=12#breadcrumb\",\"itemListElement\":[{\"@type\":\"ListItem\",\"position\":1,\"name\":\"Home\",\"item\":\"https:\/\/www.majvej.cz\/\"},{\"@type\":\"ListItem\",\"position\":2,\"name\":\"O n\u00e1s\"}]}]}<\/script>\n<!-- \/ Yoast SEO plugin. -->","yoast_head_json":{"title":"O n\u00e1s - Kade\u0159nictv\u00ed Majvej Kounice","description":"Kade\u0159nictv\u00ed Kounice - Kdo jsme a pro\u010d na\u0161\u00ed pr\u00e1ci d\u011bl\u00e1me.","robots":{"index":"index","follow":"follow","max-snippet":"max-snippet:-1","max-image-preview":"max-image-preview:large","max-video-preview":"max-video-preview:-1"},"canonical":"https:\/\/www.majvej.cz\/?page_id=12","og_locale":"cs_CZ","og_type":"article","og_title":"O n\u00e1s - Kade\u0159nictv\u00ed Majvej Kounice","og_description":"Kade\u0159nictv\u00ed Kounice - Kdo jsme a pro\u010d na\u0161\u00ed pr\u00e1ci d\u011bl\u00e1me.","og_url":"https:\/\/www.majvej.cz\/?page_id=12","og_site_name":"Kade\u0159nictv\u00ed Majvej Kounice","article_publisher":"https:\/\/www.facebook.com\/Majvej-kade%c5%99nictv%c3%ad-101940882348115\/","article_modified_time":"2022-02-08T11:35:57+00:00","og_image":[{"url":"https:\/\/www.majvej.cz\/wp-content\/uploads\/2022\/01\/veronika_small.jpg"}],"twitter_card":"summary_large_image","twitter_misc":{"Odhadovan\u00e1 doba \u010dten\u00ed":"2 minuty"},"schema":{"@context":"https:\/\/schema.org","@graph":[{"@type":"Organization","@id":"https:\/\/www.majvej.cz\/#organization","name":"Kade\u0159nictv\u00ed Majvej","url":"https:\/\/www.majvej.cz\/","sameAs":["https:\/\/www.facebook.com\/Majvej-kade\u0159nictv\u00ed-101940882348115\/"],"logo":{"@type":"ImageObject","@id":"https:\/\/www.majvej.cz\/#logo","inLanguage":"cs","url":"https:\/\/www.majvej.cz\/wp-content\/uploads\/2022\/01\/cropped-majvej_V_trans_small.png","contentUrl":"https:\/\/www.majvej.cz\/wp-content\/uploads\/2022\/01\/cropped-majvej_V_trans_small.png","width":400,"height":320,"caption":"Kade\u0159nictv\u00ed Majvej"},"image":{"@id":"https:\/\/www.majvej.cz\/#logo"}},{"@type":"WebSite","@id":"https:\/\/www.majvej.cz\/#website","url":"https:\/\/www.majvej.cz\/","name":"Kade\u0159nictv\u00ed Majvej Kounice","description":"Kade\u0159nictv\u00ed Majvej Kounice","publisher":{"@id":"https:\/\/www.majvej.cz\/#organization"},"potentialAction":[{"@type":"SearchAction","target":{"@type":"EntryPoint","urlTemplate":"https:\/\/www.majvej.cz\/?s={search_term_string}"},"query-input":"required name=search_term_string"}],"inLanguage":"cs"},{"@type":"ImageObject","@id":"https:\/\/www.majvej.cz\/?page_id=12#primaryimage","inLanguage":"cs","url":"https:\/\/www.majvej.cz\/wp-content\/uploads\/2022\/01\/veronika_small.jpg","contentUrl":"https:\/\/www.majvej.cz\/wp-content\/uploads\/2022\/01\/veronika_small.jpg","width":800,"height":939},{"@type":"WebPage","@id":"https:\/\/www.majvej.cz\/?page_id=12#webpage","url":"https:\/\/www.majvej.cz\/?page_id=12","name":"O n\u00e1s - Kade\u0159nictv\u00ed Majvej Kounice","isPartOf":{"@id":"https:\/\/www.majvej.cz\/#website"},"primaryImageOfPage":{"@id":"https:\/\/www.majvej.cz\/?page_id=12#primaryimage"},"datePublished":"2022-01-26T11:27:55+00:00","dateModified":"2022-02-08T11:35:57+00:00","description":"Kade\u0159nictv\u00ed Kounice - Kdo jsme a pro\u010d na\u0161\u00ed pr\u00e1ci d\u011bl\u00e1me.","breadcrumb":{"@id":"https:\/\/www.majvej.cz\/?page_id=12#breadcrumb"},"inLanguage":"cs","potentialAction":[{"@type":"ReadAction","target":["https:\/\/www.majvej.cz\/?page_id=12"]}]},{"@type":"BreadcrumbList","@id":"https:\/\/www.majvej.cz\/?page_id=12#breadcrumb","itemListElement":[{"@type":"ListItem","position":1,"name":"Home","item":"https:\/\/www.majvej.cz\/"},{"@type":"ListItem","position":2,"name":"O n\u00e1s"}]}]}},"_links":{"self":[{"href":"https:\/\/www.majvej.cz\/index.php?rest_route=\/wp\/v2\/pages\/12"}],"collection":[{"href":"https:\/\/www.majvej.cz\/index.php?rest_route=\/wp\/v2\/pages"}],"about":[{"href":"https:\/\/www.majvej.cz\/index.php?rest_route=\/wp\/v2\/types\/page"}],"author":[{"embeddable":true,"href":"https:\/\/www.majvej.cz\/index.php?rest_route=\/wp\/v2\/users\/1"}],"replies":[{"embeddable":true,"href":"https:\/\/www.majvej.cz\/index.php?rest_route=%2Fwp%2Fv2%2Fcomments&post=12"}],"version-history":[{"count":9,"href":"https:\/\/www.majvej.cz\/index.php?rest_route=\/wp\/v2\/pages\/12\/revisions"}],"predecessor-version":[{"id":206,"href":"https:\/\/www.majvej.cz\/index.php?rest_route=\/wp\/v2\/pages\/12\/revisions\/206"}],"wp:attachment":[{"href":"https:\/\/www.majvej.cz\/index.php?rest_route=%2Fwp%2Fv2%2Fmedia&parent=12"}],"curies":[{"name":"wp","href":"https:\/\/api.w.org\/{rel}","templated":true}]}}