{"id":162,"date":"2022-01-28T14:03:44","date_gmt":"2022-01-28T13:03:44","guid":{"rendered":"https:\/\/www.majvej.cz\/?page_id=162"},"modified":"2022-02-08T12:28:36","modified_gmt":"2022-02-08T11:28:36","slug":"fotogalerie","status":"publish","type":"page","link":"https:\/\/www.majvej.cz\/?page_id=162","title":{"rendered":"Fotogalerie"},"content":{"rendered":"\t\t<div data-elementor-type=\"wp-page\" data-elementor-id=\"162\" class=\"elementor elementor-162\">\n\t\t\t\t\t\t<div class=\"elementor-inner\">\n\t\t\t\t<div class=\"elementor-section-wrap\">\n\t\t\t\t\t\t\t\t\t<section class=\"elementor-section elementor-top-section elementor-element elementor-element-b4e5a34 elementor-section-boxed elementor-section-height-default elementor-section-height-default\" data-id=\"b4e5a34\" data-element_type=\"section\">\n\t\t\t\t\t\t<div class=\"elementor-container elementor-column-gap-default\">\n\t\t\t\t\t\t\t<div class=\"elementor-row\">\n\t\t\t\t\t<div class=\"elementor-column elementor-col-100 elementor-top-column elementor-element elementor-element-c5cf2e9\" data-id=\"c5cf2e9\" data-element_type=\"column\">\n\t\t\t<div class=\"elementor-column-wrap elementor-element-populated\">\n\t\t\t\t\t\t\t<div class=\"elementor-widget-wrap\">\n\t\t\t\t\t\t<div class=\"elementor-element elementor-element-8083057 elementor-widget elementor-widget-gallery\" data-id=\"8083057\" data-element_type=\"widget\" data-settings=\"{&quot;gallery_layout&quot;:&quot;masonry&quot;,&quot;lazyload&quot;:&quot;yes&quot;,&quot;columns&quot;:4,&quot;columns_tablet&quot;:2,&quot;columns_mobile&quot;:1,&quot;gap&quot;:{&quot;unit&quot;:&quot;px&quot;,&quot;size&quot;:10,&quot;sizes&quot;:[]},&quot;gap_tablet&quot;:{&quot;unit&quot;:&quot;px&quot;,&quot;size&quot;:10,&quot;sizes&quot;:[]},&quot;gap_mobile&quot;:{&quot;unit&quot;:&quot;px&quot;,&quot;size&quot;:10,&quot;sizes&quot;:[]},&quot;link_to&quot;:&quot;file&quot;,&quot;overlay_background&quot;:&quot;yes&quot;,&quot;content_hover_animation&quot;:&quot;fade-in&quot;}\" data-widget_type=\"gallery.default\">\n\t\t\t\t<div class=\"elementor-widget-container\">\n\t\t\t\t\t<div class=\"elementor-gallery__container\">\n\t\t\t\t\t\t\t<a class=\"e-gallery-item elementor-gallery-item elementor-animated-content\" href=\"https:\/\/www.majvej.cz\/wp-content\/uploads\/2022\/01\/melir-po.jpg\" data-elementor-open-lightbox=\"yes\" data-elementor-lightbox-slideshow=\"all-8083057\" data-elementor-lightbox-title=\"Kade\u0159nictv\u00ed Kounice - mel\u00edr po\" e-action-hash=\"#elementor-action%3Aaction%3Dlightbox%26settings%3DeyJpZCI6MTY3LCJ1cmwiOiJodHRwczpcL1wvd3d3Lm1hanZlai5jelwvd3AtY29udGVudFwvdXBsb2Fkc1wvMjAyMlwvMDFcL21lbGlyLXBvLmpwZyIsInNsaWRlc2hvdyI6ImFsbC04MDgzMDU3In0%3D\">\n\t\t\t\t\t<div class=\"e-gallery-image elementor-gallery-item__image\" data-thumbnail=\"https:\/\/www.majvej.cz\/wp-content\/uploads\/2022\/01\/melir-po-169x300.jpg\" data-width=\"169\" data-height=\"300\" alt=\"\" ><\/div>\n\t\t\t\t\t\t\t\t\t\t\t<div class=\"elementor-gallery-item__overlay\"><\/div>\n\t\t\t\t\t\t\t\t\t\t\t\t\t\t<\/a>\n\t\t\t\t\t\t\t<a class=\"e-gallery-item elementor-gallery-item elementor-animated-content\" href=\"https:\/\/www.majvej.cz\/wp-content\/uploads\/2022\/01\/melir-pred.jpg\" data-elementor-open-lightbox=\"yes\" data-elementor-lightbox-slideshow=\"all-8083057\" data-elementor-lightbox-title=\"Kade\u0159nictv\u00ed Kounice - mel\u00edr p\u0159ed\" e-action-hash=\"#elementor-action%3Aaction%3Dlightbox%26settings%3DeyJpZCI6MTY4LCJ1cmwiOiJodHRwczpcL1wvd3d3Lm1hanZlai5jelwvd3AtY29udGVudFwvdXBsb2Fkc1wvMjAyMlwvMDFcL21lbGlyLXByZWQuanBnIiwic2xpZGVzaG93IjoiYWxsLTgwODMwNTcifQ%3D%3D\">\n\t\t\t\t\t<div class=\"e-gallery-image elementor-gallery-item__image\" data-thumbnail=\"https:\/\/www.majvej.cz\/wp-content\/uploads\/2022\/01\/melir-pred-169x300.jpg\" data-width=\"169\" data-height=\"300\" alt=\"\" ><\/div>\n\t\t\t\t\t\t\t\t\t\t\t<div class=\"elementor-gallery-item__overlay\"><\/div>\n\t\t\t\t\t\t\t\t\t\t\t\t\t\t<\/a>\n\t\t\t\t\t\t\t<a class=\"e-gallery-item elementor-gallery-item elementor-animated-content\" href=\"https:\/\/www.majvej.cz\/wp-content\/uploads\/2022\/01\/strih-po.jpg\" data-elementor-open-lightbox=\"yes\" data-elementor-lightbox-slideshow=\"all-8083057\" data-elementor-lightbox-title=\"Kade\u0159nictv\u00ed Kounice - st\u0159ih po\" e-action-hash=\"#elementor-action%3Aaction%3Dlightbox%26settings%3DeyJpZCI6MTY5LCJ1cmwiOiJodHRwczpcL1wvd3d3Lm1hanZlai5jelwvd3AtY29udGVudFwvdXBsb2Fkc1wvMjAyMlwvMDFcL3N0cmloLXBvLmpwZyIsInNsaWRlc2hvdyI6ImFsbC04MDgzMDU3In0%3D\">\n\t\t\t\t\t<div class=\"e-gallery-image elementor-gallery-item__image\" data-thumbnail=\"https:\/\/www.majvej.cz\/wp-content\/uploads\/2022\/01\/strih-po-169x300.jpg\" data-width=\"169\" data-height=\"300\" alt=\"\" ><\/div>\n\t\t\t\t\t\t\t\t\t\t\t<div class=\"elementor-gallery-item__overlay\"><\/div>\n\t\t\t\t\t\t\t\t\t\t\t\t\t\t<\/a>\n\t\t\t\t\t\t\t<a class=\"e-gallery-item elementor-gallery-item elementor-animated-content\" href=\"https:\/\/www.majvej.cz\/wp-content\/uploads\/2022\/01\/strih-pred.jpg\" data-elementor-open-lightbox=\"yes\" data-elementor-lightbox-slideshow=\"all-8083057\" data-elementor-lightbox-title=\"Kade\u0159nictv\u00ed Kounice - st\u0159ih p\u0159ed\" e-action-hash=\"#elementor-action%3Aaction%3Dlightbox%26settings%3DeyJpZCI6MTcwLCJ1cmwiOiJodHRwczpcL1wvd3d3Lm1hanZlai5jelwvd3AtY29udGVudFwvdXBsb2Fkc1wvMjAyMlwvMDFcL3N0cmloLXByZWQuanBnIiwic2xpZGVzaG93IjoiYWxsLTgwODMwNTcifQ%3D%3D\">\n\t\t\t\t\t<div class=\"e-gallery-image elementor-gallery-item__image\" data-thumbnail=\"https:\/\/www.majvej.cz\/wp-content\/uploads\/2022\/01\/strih-pred-169x300.jpg\" data-width=\"169\" data-height=\"300\" alt=\"\" ><\/div>\n\t\t\t\t\t\t\t\t\t\t\t<div class=\"elementor-gallery-item__overlay\"><\/div>\n\t\t\t\t\t\t\t\t\t\t\t\t\t\t<\/a>\n\t\t\t\t\t\t\t<a class=\"e-gallery-item elementor-gallery-item elementor-animated-content\" href=\"https:\/\/www.majvej.cz\/wp-content\/uploads\/2022\/01\/20220103_142905.jpg\" data-elementor-open-lightbox=\"yes\" data-elementor-lightbox-slideshow=\"all-8083057\" data-elementor-lightbox-title=\"Kade\u0159nictv\u00ed Kounice -\" e-action-hash=\"#elementor-action%3Aaction%3Dlightbox%26settings%3DeyJpZCI6MTc1LCJ1cmwiOiJodHRwczpcL1wvd3d3Lm1hanZlai5jelwvd3AtY29udGVudFwvdXBsb2Fkc1wvMjAyMlwvMDFcLzIwMjIwMTAzXzE0MjkwNS5qcGciLCJzbGlkZXNob3ciOiJhbGwtODA4MzA1NyJ9\">\n\t\t\t\t\t<div class=\"e-gallery-image elementor-gallery-item__image\" data-thumbnail=\"https:\/\/www.majvej.cz\/wp-content\/uploads\/2022\/01\/20220103_142905-169x300.jpg\" data-width=\"169\" data-height=\"300\" alt=\"\" ><\/div>\n\t\t\t\t\t\t\t\t\t\t\t<div class=\"elementor-gallery-item__overlay\"><\/div>\n\t\t\t\t\t\t\t\t\t\t\t\t\t\t<\/a>\n\t\t\t\t\t\t\t<a class=\"e-gallery-item elementor-gallery-item elementor-animated-content\" href=\"https:\/\/www.majvej.cz\/wp-content\/uploads\/2022\/01\/20220106_201836.jpg\" data-elementor-open-lightbox=\"yes\" data-elementor-lightbox-slideshow=\"all-8083057\" data-elementor-lightbox-title=\"Kade\u0159nictv\u00ed Kounice -\" e-action-hash=\"#elementor-action%3Aaction%3Dlightbox%26settings%3DeyJpZCI6MTc2LCJ1cmwiOiJodHRwczpcL1wvd3d3Lm1hanZlai5jelwvd3AtY29udGVudFwvdXBsb2Fkc1wvMjAyMlwvMDFcLzIwMjIwMTA2XzIwMTgzNi5qcGciLCJzbGlkZXNob3ciOiJhbGwtODA4MzA1NyJ9\">\n\t\t\t\t\t<div class=\"e-gallery-image elementor-gallery-item__image\" data-thumbnail=\"https:\/\/www.majvej.cz\/wp-content\/uploads\/2022\/01\/20220106_201836-169x300.jpg\" data-width=\"169\" data-height=\"300\" alt=\"\" ><\/div>\n\t\t\t\t\t\t\t\t\t\t\t<div class=\"elementor-gallery-item__overlay\"><\/div>\n\t\t\t\t\t\t\t\t\t\t\t\t\t\t<\/a>\n\t\t\t\t\t\t\t<a class=\"e-gallery-item elementor-gallery-item elementor-animated-content\" href=\"https:\/\/www.majvej.cz\/wp-content\/uploads\/2022\/01\/MTF_4594.jpg\" data-elementor-open-lightbox=\"yes\" data-elementor-lightbox-slideshow=\"all-8083057\" data-elementor-lightbox-title=\"Kade\u0159nictv\u00ed Kounice - svtatebn\u00ed \u00fa\u010des\" e-action-hash=\"#elementor-action%3Aaction%3Dlightbox%26settings%3DeyJpZCI6MTc3LCJ1cmwiOiJodHRwczpcL1wvd3d3Lm1hanZlai5jelwvd3AtY29udGVudFwvdXBsb2Fkc1wvMjAyMlwvMDFcL01URl80NTk0LmpwZyIsInNsaWRlc2hvdyI6ImFsbC04MDgzMDU3In0%3D\">\n\t\t\t\t\t<div class=\"e-gallery-image elementor-gallery-item__image\" data-thumbnail=\"https:\/\/www.majvej.cz\/wp-content\/uploads\/2022\/01\/MTF_4594-275x300.jpg\" data-width=\"275\" data-height=\"300\" alt=\"\" ><\/div>\n\t\t\t\t\t\t\t\t\t\t\t<div class=\"elementor-gallery-item__overlay\"><\/div>\n\t\t\t\t\t\t\t\t\t\t\t\t\t\t<\/a>\n\t\t\t\t\t\t\t<a class=\"e-gallery-item elementor-gallery-item elementor-animated-content\" href=\"https:\/\/www.majvej.cz\/wp-content\/uploads\/2022\/01\/svatebni-uces-4.jpg\" data-elementor-open-lightbox=\"yes\" data-elementor-lightbox-slideshow=\"all-8083057\" data-elementor-lightbox-title=\"Kade\u0159nictv\u00ed Kounice - svatebn\u00ed \u00fa\u010des 4\" e-action-hash=\"#elementor-action%3Aaction%3Dlightbox%26settings%3DeyJpZCI6MTc4LCJ1cmwiOiJodHRwczpcL1wvd3d3Lm1hanZlai5jelwvd3AtY29udGVudFwvdXBsb2Fkc1wvMjAyMlwvMDFcL3N2YXRlYm5pLXVjZXMtNC5qcGciLCJzbGlkZXNob3ciOiJhbGwtODA4MzA1NyJ9\">\n\t\t\t\t\t<div class=\"e-gallery-image elementor-gallery-item__image\" data-thumbnail=\"https:\/\/www.majvej.cz\/wp-content\/uploads\/2022\/01\/svatebni-uces-4-288x300.jpg\" data-width=\"288\" data-height=\"300\" alt=\"\" ><\/div>\n\t\t\t\t\t\t\t\t\t\t\t<div class=\"elementor-gallery-item__overlay\"><\/div>\n\t\t\t\t\t\t\t\t\t\t\t\t\t\t<\/a>\n\t\t\t\t\t\t\t<a class=\"e-gallery-item elementor-gallery-item elementor-animated-content\" href=\"https:\/\/www.majvej.cz\/wp-content\/uploads\/2022\/01\/svatebni-uces-5.jpg\" data-elementor-open-lightbox=\"yes\" data-elementor-lightbox-slideshow=\"all-8083057\" data-elementor-lightbox-title=\"Kade\u0159nictv\u00ed Kounice - svatebn\u00ed \u00fa\u010des 5\" e-action-hash=\"#elementor-action%3Aaction%3Dlightbox%26settings%3DeyJpZCI6MTc5LCJ1cmwiOiJodHRwczpcL1wvd3d3Lm1hanZlai5jelwvd3AtY29udGVudFwvdXBsb2Fkc1wvMjAyMlwvMDFcL3N2YXRlYm5pLXVjZXMtNS5qcGciLCJzbGlkZXNob3ciOiJhbGwtODA4MzA1NyJ9\">\n\t\t\t\t\t<div class=\"e-gallery-image elementor-gallery-item__image\" data-thumbnail=\"https:\/\/www.majvej.cz\/wp-content\/uploads\/2022\/01\/svatebni-uces-5.jpg\" data-width=\"249\" data-height=\"286\" alt=\"\" ><\/div>\n\t\t\t\t\t\t\t\t\t\t\t<div class=\"elementor-gallery-item__overlay\"><\/div>\n\t\t\t\t\t\t\t\t\t\t\t\t\t\t<\/a>\n\t\t\t\t\t\t\t<a class=\"e-gallery-item elementor-gallery-item elementor-animated-content\" href=\"https:\/\/www.majvej.cz\/wp-content\/uploads\/2022\/01\/svatebni-uces-6.jpg\" data-elementor-open-lightbox=\"yes\" data-elementor-lightbox-slideshow=\"all-8083057\" data-elementor-lightbox-title=\"Kade\u0159nictv\u00ed Kounice - svatebn\u00ed \u00fa\u010des 6\" e-action-hash=\"#elementor-action%3Aaction%3Dlightbox%26settings%3DeyJpZCI6MTgwLCJ1cmwiOiJodHRwczpcL1wvd3d3Lm1hanZlai5jelwvd3AtY29udGVudFwvdXBsb2Fkc1wvMjAyMlwvMDFcL3N2YXRlYm5pLXVjZXMtNi5qcGciLCJzbGlkZXNob3ciOiJhbGwtODA4MzA1NyJ9\">\n\t\t\t\t\t<div class=\"e-gallery-image elementor-gallery-item__image\" data-thumbnail=\"https:\/\/www.majvej.cz\/wp-content\/uploads\/2022\/01\/svatebni-uces-6-300x283.jpg\" data-width=\"300\" data-height=\"283\" alt=\"\" ><\/div>\n\t\t\t\t\t\t\t\t\t\t\t<div class=\"elementor-gallery-item__overlay\"><\/div>\n\t\t\t\t\t\t\t\t\t\t\t\t\t\t<\/a>\n\t\t\t\t\t\t\t<a class=\"e-gallery-item elementor-gallery-item elementor-animated-content\" href=\"https:\/\/www.majvej.cz\/wp-content\/uploads\/2022\/01\/svatebni-uces-33.jpg\" data-elementor-open-lightbox=\"yes\" data-elementor-lightbox-slideshow=\"all-8083057\" data-elementor-lightbox-title=\"Kade\u0159nictv\u00ed Kounice - svatebn\u00ed \u00fa\u010des 33\" e-action-hash=\"#elementor-action%3Aaction%3Dlightbox%26settings%3DeyJpZCI6MTgxLCJ1cmwiOiJodHRwczpcL1wvd3d3Lm1hanZlai5jelwvd3AtY29udGVudFwvdXBsb2Fkc1wvMjAyMlwvMDFcL3N2YXRlYm5pLXVjZXMtMzMuanBnIiwic2xpZGVzaG93IjoiYWxsLTgwODMwNTcifQ%3D%3D\">\n\t\t\t\t\t<div class=\"e-gallery-image elementor-gallery-item__image\" data-thumbnail=\"https:\/\/www.majvej.cz\/wp-content\/uploads\/2022\/01\/svatebni-uces-33-225x300.jpg\" data-width=\"225\" data-height=\"300\" alt=\"\" ><\/div>\n\t\t\t\t\t\t\t\t\t\t\t<div class=\"elementor-gallery-item__overlay\"><\/div>\n\t\t\t\t\t\t\t\t\t\t\t\t\t\t<\/a>\n\t\t\t\t\t<\/div>\n\t\t\t<\/div>\n\t\t\t\t<\/div>\n\t\t\t\t\t\t<\/div>\n\t\t\t\t\t<\/div>\n\t\t<\/div>\n\t\t\t\t\t\t\t\t<\/div>\n\t\t\t\t\t<\/div>\n\t\t<\/section>\n\t\t\t\t\t\t\t\t\t<\/div>\n\t\t\t<\/div>\n\t\t\t\t\t<\/div>\n\t\t","protected":false},"excerpt":{"rendered":"","protected":false},"author":1,"featured_media":0,"parent":0,"menu_order":0,"comment_status":"closed","ping_status":"closed","template":"","meta":[],"yoast_head":"<!-- This site is optimized with the Yoast SEO plugin v18.1 - https:\/\/yoast.com\/wordpress\/plugins\/seo\/ -->\n<title>Fotogalerie - Kade\u0159nictv\u00ed Majvej Kounice<\/title>\n<meta name=\"description\" content=\"Fotogalerie kade\u0159nictv\u00ed Kounice\" \/>\n<meta name=\"robots\" content=\"index, follow, max-snippet:-1, max-image-preview:large, max-video-preview:-1\" \/>\n<link rel=\"canonical\" href=\"https:\/\/www.majvej.cz\/?page_id=162\" \/>\n<meta property=\"og:locale\" content=\"cs_CZ\" \/>\n<meta property=\"og:type\" content=\"article\" \/>\n<meta property=\"og:title\" content=\"Fotogalerie - Kade\u0159nictv\u00ed Majvej Kounice\" \/>\n<meta property=\"og:description\" content=\"Fotogalerie kade\u0159nictv\u00ed Kounice\" \/>\n<meta property=\"og:url\" content=\"https:\/\/www.majvej.cz\/?page_id=162\" \/>\n<meta property=\"og:site_name\" content=\"Kade\u0159nictv\u00ed Majvej Kounice\" \/>\n<meta property=\"article:publisher\" content=\"https:\/\/www.facebook.com\/Majvej-kade%c5%99nictv%c3%ad-101940882348115\/\" \/>\n<meta property=\"article:modified_time\" content=\"2022-02-08T11:28:36+00:00\" \/>\n<meta property=\"og:image\" content=\"https:\/\/www.majvej.cz\/wp-content\/uploads\/2022\/01\/interier_logook.jpg\" \/>\n\t<meta property=\"og:image:width\" content=\"1000\" \/>\n\t<meta property=\"og:image:height\" content=\"759\" \/>\n\t<meta property=\"og:image:type\" content=\"image\/jpeg\" \/>\n<meta name=\"twitter:card\" content=\"summary_large_image\" \/>\n<script type=\"application\/ld+json\" class=\"yoast-schema-graph\">{\"@context\":\"https:\/\/schema.org\",\"@graph\":[{\"@type\":\"Organization\",\"@id\":\"https:\/\/www.majvej.cz\/#organization\",\"name\":\"Kade\u0159nictv\u00ed Majvej\",\"url\":\"https:\/\/www.majvej.cz\/\",\"sameAs\":[\"https:\/\/www.facebook.com\/Majvej-kade\u0159nictv\u00ed-101940882348115\/\"],\"logo\":{\"@type\":\"ImageObject\",\"@id\":\"https:\/\/www.majvej.cz\/#logo\",\"inLanguage\":\"cs\",\"url\":\"https:\/\/www.majvej.cz\/wp-content\/uploads\/2022\/01\/cropped-majvej_V_trans_small.png\",\"contentUrl\":\"https:\/\/www.majvej.cz\/wp-content\/uploads\/2022\/01\/cropped-majvej_V_trans_small.png\",\"width\":400,\"height\":320,\"caption\":\"Kade\u0159nictv\u00ed Majvej\"},\"image\":{\"@id\":\"https:\/\/www.majvej.cz\/#logo\"}},{\"@type\":\"WebSite\",\"@id\":\"https:\/\/www.majvej.cz\/#website\",\"url\":\"https:\/\/www.majvej.cz\/\",\"name\":\"Kade\u0159nictv\u00ed Majvej Kounice\",\"description\":\"Kade\u0159nictv\u00ed Majvej Kounice\",\"publisher\":{\"@id\":\"https:\/\/www.majvej.cz\/#organization\"},\"potentialAction\":[{\"@type\":\"SearchAction\",\"target\":{\"@type\":\"EntryPoint\",\"urlTemplate\":\"https:\/\/www.majvej.cz\/?s={search_term_string}\"},\"query-input\":\"required name=search_term_string\"}],\"inLanguage\":\"cs\"},{\"@type\":\"WebPage\",\"@id\":\"https:\/\/www.majvej.cz\/?page_id=162#webpage\",\"url\":\"https:\/\/www.majvej.cz\/?page_id=162\",\"name\":\"Fotogalerie - Kade\u0159nictv\u00ed Majvej Kounice\",\"isPartOf\":{\"@id\":\"https:\/\/www.majvej.cz\/#website\"},\"datePublished\":\"2022-01-28T13:03:44+00:00\",\"dateModified\":\"2022-02-08T11:28:36+00:00\",\"description\":\"Fotogalerie kade\u0159nictv\u00ed Kounice\",\"breadcrumb\":{\"@id\":\"https:\/\/www.majvej.cz\/?page_id=162#breadcrumb\"},\"inLanguage\":\"cs\",\"potentialAction\":[{\"@type\":\"ReadAction\",\"target\":[\"https:\/\/www.majvej.cz\/?page_id=162\"]}]},{\"@type\":\"BreadcrumbList\",\"@id\":\"https:\/\/www.majvej.cz\/?page_id=162#breadcrumb\",\"itemListElement\":[{\"@type\":\"ListItem\",\"position\":1,\"name\":\"Home\",\"item\":\"https:\/\/www.majvej.cz\/\"},{\"@type\":\"ListItem\",\"position\":2,\"name\":\"Fotogalerie\"}]}]}<\/script>\n<!-- \/ Yoast SEO plugin. -->","yoast_head_json":{"title":"Fotogalerie - Kade\u0159nictv\u00ed Majvej Kounice","description":"Fotogalerie kade\u0159nictv\u00ed Kounice","robots":{"index":"index","follow":"follow","max-snippet":"max-snippet:-1","max-image-preview":"max-image-preview:large","max-video-preview":"max-video-preview:-1"},"canonical":"https:\/\/www.majvej.cz\/?page_id=162","og_locale":"cs_CZ","og_type":"article","og_title":"Fotogalerie - Kade\u0159nictv\u00ed Majvej Kounice","og_description":"Fotogalerie kade\u0159nictv\u00ed Kounice","og_url":"https:\/\/www.majvej.cz\/?page_id=162","og_site_name":"Kade\u0159nictv\u00ed Majvej Kounice","article_publisher":"https:\/\/www.facebook.com\/Majvej-kade%c5%99nictv%c3%ad-101940882348115\/","article_modified_time":"2022-02-08T11:28:36+00:00","og_image":[{"width":1000,"height":759,"url":"https:\/\/www.majvej.cz\/wp-content\/uploads\/2022\/01\/interier_logook.jpg","type":"image\/jpeg"}],"twitter_card":"summary_large_image","schema":{"@context":"https:\/\/schema.org","@graph":[{"@type":"Organization","@id":"https:\/\/www.majvej.cz\/#organization","name":"Kade\u0159nictv\u00ed Majvej","url":"https:\/\/www.majvej.cz\/","sameAs":["https:\/\/www.facebook.com\/Majvej-kade\u0159nictv\u00ed-101940882348115\/"],"logo":{"@type":"ImageObject","@id":"https:\/\/www.majvej.cz\/#logo","inLanguage":"cs","url":"https:\/\/www.majvej.cz\/wp-content\/uploads\/2022\/01\/cropped-majvej_V_trans_small.png","contentUrl":"https:\/\/www.majvej.cz\/wp-content\/uploads\/2022\/01\/cropped-majvej_V_trans_small.png","width":400,"height":320,"caption":"Kade\u0159nictv\u00ed Majvej"},"image":{"@id":"https:\/\/www.majvej.cz\/#logo"}},{"@type":"WebSite","@id":"https:\/\/www.majvej.cz\/#website","url":"https:\/\/www.majvej.cz\/","name":"Kade\u0159nictv\u00ed Majvej Kounice","description":"Kade\u0159nictv\u00ed Majvej Kounice","publisher":{"@id":"https:\/\/www.majvej.cz\/#organization"},"potentialAction":[{"@type":"SearchAction","target":{"@type":"EntryPoint","urlTemplate":"https:\/\/www.majvej.cz\/?s={search_term_string}"},"query-input":"required name=search_term_string"}],"inLanguage":"cs"},{"@type":"WebPage","@id":"https:\/\/www.majvej.cz\/?page_id=162#webpage","url":"https:\/\/www.majvej.cz\/?page_id=162","name":"Fotogalerie - Kade\u0159nictv\u00ed Majvej Kounice","isPartOf":{"@id":"https:\/\/www.majvej.cz\/#website"},"datePublished":"2022-01-28T13:03:44+00:00","dateModified":"2022-02-08T11:28:36+00:00","description":"Fotogalerie kade\u0159nictv\u00ed Kounice","breadcrumb":{"@id":"https:\/\/www.majvej.cz\/?page_id=162#breadcrumb"},"inLanguage":"cs","potentialAction":[{"@type":"ReadAction","target":["https:\/\/www.majvej.cz\/?page_id=162"]}]},{"@type":"BreadcrumbList","@id":"https:\/\/www.majvej.cz\/?page_id=162#breadcrumb","itemListElement":[{"@type":"ListItem","position":1,"name":"Home","item":"https:\/\/www.majvej.cz\/"},{"@type":"ListItem","position":2,"name":"Fotogalerie"}]}]}},"_links":{"self":[{"href":"https:\/\/www.majvej.cz\/index.php?rest_route=\/wp\/v2\/pages\/162"}],"collection":[{"href":"https:\/\/www.majvej.cz\/index.php?rest_route=\/wp\/v2\/pages"}],"about":[{"href":"https:\/\/www.majvej.cz\/index.php?rest_route=\/wp\/v2\/types\/page"}],"author":[{"embeddable":true,"href":"https:\/\/www.majvej.cz\/index.php?rest_route=\/wp\/v2\/users\/1"}],"replies":[{"embeddable":true,"href":"https:\/\/www.majvej.cz\/index.php?rest_route=%2Fwp%2Fv2%2Fcomments&post=162"}],"version-history":[{"count":8,"href":"https:\/\/www.majvej.cz\/index.php?rest_route=\/wp\/v2\/pages\/162\/revisions"}],"predecessor-version":[{"id":196,"href":"https:\/\/www.majvej.cz\/index.php?rest_route=\/wp\/v2\/pages\/162\/revisions\/196"}],"wp:attachment":[{"href":"https:\/\/www.majvej.cz\/index.php?rest_route=%2Fwp%2Fv2%2Fmedia&parent=162"}],"curies":[{"name":"wp","href":"https:\/\/api.w.org\/{rel}","templated":true}]}}