{"id":19,"date":"2022-01-26T12:29:51","date_gmt":"2022-01-26T11:29:51","guid":{"rendered":"https:\/\/www.majvej.cz\/?page_id=19"},"modified":"2022-02-08T12:23:39","modified_gmt":"2022-02-08T11:23:39","slug":"kontakty-kadernictvi","status":"publish","type":"page","link":"https:\/\/www.majvej.cz\/?page_id=19","title":{"rendered":"Kontakty"},"content":{"rendered":"\t\t<div data-elementor-type=\"wp-page\" data-elementor-id=\"19\" class=\"elementor elementor-19\">\n\t\t\t\t\t\t<div class=\"elementor-inner\">\n\t\t\t\t<div class=\"elementor-section-wrap\">\n\t\t\t\t\t\t\t\t\t<section class=\"elementor-section elementor-top-section elementor-element elementor-element-b253808 elementor-section-content-bottom elementor-section-boxed elementor-section-height-default elementor-section-height-default\" data-id=\"b253808\" data-element_type=\"section\">\n\t\t\t\t\t\t<div class=\"elementor-container elementor-column-gap-no\">\n\t\t\t\t\t\t\t<div class=\"elementor-row\">\n\t\t\t\t\t<div class=\"elementor-column elementor-col-50 elementor-top-column elementor-element elementor-element-550eb43\" data-id=\"550eb43\" data-element_type=\"column\" data-settings=\"{&quot;background_background&quot;:&quot;classic&quot;}\">\n\t\t\t<div class=\"elementor-column-wrap elementor-element-populated\">\n\t\t\t\t\t\t\t<div class=\"elementor-widget-wrap\">\n\t\t\t\t\t\t<section class=\"elementor-section elementor-inner-section elementor-element elementor-element-139c60f elementor-section-content-top elementor-section-boxed elementor-section-height-default elementor-section-height-default\" data-id=\"139c60f\" data-element_type=\"section\">\n\t\t\t\t\t\t<div class=\"elementor-container elementor-column-gap-no\">\n\t\t\t\t\t\t\t<div class=\"elementor-row\">\n\t\t\t\t\t<div class=\"elementor-column elementor-col-100 elementor-inner-column elementor-element elementor-element-155a927\" data-id=\"155a927\" data-element_type=\"column\">\n\t\t\t<div class=\"elementor-column-wrap elementor-element-populated\">\n\t\t\t\t\t\t\t<div class=\"elementor-widget-wrap\">\n\t\t\t\t\t\t<div class=\"elementor-element elementor-element-1ac1966 elementor-widget elementor-widget-heading\" data-id=\"1ac1966\" data-element_type=\"widget\" data-widget_type=\"heading.default\">\n\t\t\t\t<div class=\"elementor-widget-container\">\n\t\t\t<h2 class=\"elementor-heading-title elementor-size-default\">+420 608 222 498<\/h2>\t\t<\/div>\n\t\t\t\t<\/div>\n\t\t\t\t<div class=\"elementor-element elementor-element-36be37f elementor-widget elementor-widget-heading\" data-id=\"36be37f\" data-element_type=\"widget\" data-widget_type=\"heading.default\">\n\t\t\t\t<div class=\"elementor-widget-container\">\n\t\t\t<h4 class=\"elementor-heading-title elementor-size-default\">kadernictvi@majvej.cz<\/h4>\t\t<\/div>\n\t\t\t\t<\/div>\n\t\t\t\t\t\t<\/div>\n\t\t\t\t\t<\/div>\n\t\t<\/div>\n\t\t\t\t\t\t\t\t<\/div>\n\t\t\t\t\t<\/div>\n\t\t<\/section>\n\t\t\t\t<section class=\"elementor-section elementor-inner-section elementor-element elementor-element-8d63685 elementor-section-content-middle elementor-section-boxed elementor-section-height-default elementor-section-height-default\" data-id=\"8d63685\" data-element_type=\"section\">\n\t\t\t\t\t\t<div class=\"elementor-container elementor-column-gap-no\">\n\t\t\t\t\t\t\t<div class=\"elementor-row\">\n\t\t\t\t\t<div class=\"elementor-column elementor-col-50 elementor-inner-column elementor-element elementor-element-b7e2ffa\" data-id=\"b7e2ffa\" data-element_type=\"column\" data-settings=\"{&quot;background_background&quot;:&quot;classic&quot;}\">\n\t\t\t<div class=\"elementor-column-wrap elementor-element-populated\">\n\t\t\t\t\t\t\t<div class=\"elementor-widget-wrap\">\n\t\t\t\t\t\t<div class=\"elementor-element elementor-element-45fa2e6 elementor-widget elementor-widget-spacer\" data-id=\"45fa2e6\" data-element_type=\"widget\" data-widget_type=\"spacer.default\">\n\t\t\t\t<div class=\"elementor-widget-container\">\n\t\t\t\t\t<div class=\"elementor-spacer\">\n\t\t\t<div class=\"elementor-spacer-inner\"><\/div>\n\t\t<\/div>\n\t\t\t\t<\/div>\n\t\t\t\t<\/div>\n\t\t\t\t\t\t<\/div>\n\t\t\t\t\t<\/div>\n\t\t<\/div>\n\t\t\t\t<div class=\"elementor-column elementor-col-50 elementor-inner-column elementor-element elementor-element-12281e5\" data-id=\"12281e5\" data-element_type=\"column\" data-settings=\"{&quot;background_background&quot;:&quot;classic&quot;}\">\n\t\t\t<div class=\"elementor-column-wrap elementor-element-populated\">\n\t\t\t\t\t\t\t<div class=\"elementor-widget-wrap\">\n\t\t\t\t\t\t<div class=\"elementor-element elementor-element-a4cde08 elementor-widget elementor-widget-heading\" data-id=\"a4cde08\" data-element_type=\"widget\" data-widget_type=\"heading.default\">\n\t\t\t\t<div class=\"elementor-widget-container\">\n\t\t\t<h3 class=\"elementor-heading-title elementor-size-default\">Adresa:<\/h3>\t\t<\/div>\n\t\t\t\t<\/div>\n\t\t\t\t<div class=\"elementor-element elementor-element-ae0058f elementor-icon-list--layout-traditional elementor-list-item-link-full_width elementor-widget elementor-widget-icon-list\" data-id=\"ae0058f\" data-element_type=\"widget\" data-widget_type=\"icon-list.default\">\n\t\t\t\t<div class=\"elementor-widget-container\">\n\t\t\t\t\t<ul class=\"elementor-icon-list-items\">\n\t\t\t\t\t\t\t<li class=\"elementor-icon-list-item\">\n\t\t\t\t\t\t\t\t\t\t\t<span class=\"elementor-icon-list-icon\">\n\t\t\t\t\t\t\t<i aria-hidden=\"true\" class=\"far fa-building\"><\/i>\t\t\t\t\t\t<\/span>\n\t\t\t\t\t\t\t\t\t\t<span class=\"elementor-icon-list-text\">Kounice 373 , 289 15<\/span>\n\t\t\t\t\t\t\t\t\t<\/li>\n\t\t\t\t\t\t<\/ul>\n\t\t\t\t<\/div>\n\t\t\t\t<\/div>\n\t\t\t\t<div class=\"elementor-element elementor-element-8ff4496 e-grid-align-left elementor-shape-rounded elementor-grid-0 elementor-widget elementor-widget-social-icons\" data-id=\"8ff4496\" data-element_type=\"widget\" data-widget_type=\"social-icons.default\">\n\t\t\t\t<div class=\"elementor-widget-container\">\n\t\t\t\t\t<div class=\"elementor-social-icons-wrapper elementor-grid\">\n\t\t\t\t\t\t\t<span class=\"elementor-grid-item\">\n\t\t\t\t\t<a class=\"elementor-icon elementor-social-icon elementor-social-icon-facebook elementor-repeater-item-2f55736\" href=\"https:\/\/www.facebook.com\/Majvej-kade%C5%99nictv%C3%AD-101940882348115\/\">\n\t\t\t\t\t\t<span class=\"elementor-screen-only\">Facebook<\/span>\n\t\t\t\t\t\t<i class=\"fab fa-facebook\"><\/i>\t\t\t\t\t<\/a>\n\t\t\t\t<\/span>\n\t\t\t\t\t<\/div>\n\t\t\t\t<\/div>\n\t\t\t\t<\/div>\n\t\t\t\t\t\t<\/div>\n\t\t\t\t\t<\/div>\n\t\t<\/div>\n\t\t\t\t\t\t\t\t<\/div>\n\t\t\t\t\t<\/div>\n\t\t<\/section>\n\t\t\t\t\t\t<\/div>\n\t\t\t\t\t<\/div>\n\t\t<\/div>\n\t\t\t\t<div class=\"elementor-column elementor-col-50 elementor-top-column elementor-element elementor-element-fcff515\" data-id=\"fcff515\" data-element_type=\"column\">\n\t\t\t<div class=\"elementor-column-wrap elementor-element-populated\">\n\t\t\t\t\t\t\t<div class=\"elementor-widget-wrap\">\n\t\t\t\t\t\t<div class=\"elementor-element elementor-element-db3302e elementor-widget elementor-widget-google_maps\" data-id=\"db3302e\" data-element_type=\"widget\" data-widget_type=\"google_maps.default\">\n\t\t\t\t<div class=\"elementor-widget-container\">\n\t\t\t\t\t<div class=\"elementor-custom-embed\">\n\t\t\t<iframe loading=\"lazy\"\n\t\t\t\t\tsrc=\"https:\/\/maps.google.com\/maps?q=Kounice%20373%2028915&#038;t=m&#038;z=14&#038;output=embed&#038;iwloc=near\"\n\t\t\t\t\ttitle=\"Kounice 373 28915\"\n\t\t\t\t\taria-label=\"Kounice 373 28915\"\n\t\t\t><\/iframe>\n\t\t<\/div>\n\t\t\t\t<\/div>\n\t\t\t\t<\/div>\n\t\t\t\t\t\t<\/div>\n\t\t\t\t\t<\/div>\n\t\t<\/div>\n\t\t\t\t\t\t\t\t<\/div>\n\t\t\t\t\t<\/div>\n\t\t<\/section>\n\t\t\t\t\t\t\t\t\t<\/div>\n\t\t\t<\/div>\n\t\t\t\t\t<\/div>\n\t\t","protected":false},"excerpt":{"rendered":"<p>+420 608 222 498 kadernictvi@majvej.cz Adresa: Kounice 373 , 289 15 Facebook<\/p>\n","protected":false},"author":1,"featured_media":0,"parent":0,"menu_order":0,"comment_status":"closed","ping_status":"closed","template":"","meta":[],"yoast_head":"<!-- This site is optimized with the Yoast SEO plugin v18.1 - https:\/\/yoast.com\/wordpress\/plugins\/seo\/ -->\n<title>Kontakty - Kade\u0159nictv\u00ed Majvej Kounice<\/title>\n<meta name=\"description\" content=\"objedn\u00e1vky na tel +420 608 222 498\" \/>\n<meta name=\"robots\" content=\"index, follow, max-snippet:-1, max-image-preview:large, max-video-preview:-1\" \/>\n<link rel=\"canonical\" href=\"https:\/\/www.majvej.cz\/?page_id=19\" \/>\n<meta property=\"og:locale\" content=\"cs_CZ\" \/>\n<meta property=\"og:type\" content=\"article\" \/>\n<meta property=\"og:title\" content=\"Kontakty - Kade\u0159nictv\u00ed Majvej Kounice\" \/>\n<meta property=\"og:description\" content=\"objedn\u00e1vky na tel +420 608 222 498\" \/>\n<meta property=\"og:url\" content=\"https:\/\/www.majvej.cz\/?page_id=19\" \/>\n<meta property=\"og:site_name\" content=\"Kade\u0159nictv\u00ed Majvej Kounice\" \/>\n<meta property=\"article:publisher\" content=\"https:\/\/www.facebook.com\/Majvej-kade%c5%99nictv%c3%ad-101940882348115\/\" \/>\n<meta property=\"article:modified_time\" content=\"2022-02-08T11:23:39+00:00\" \/>\n<meta property=\"og:image\" content=\"https:\/\/www.majvej.cz\/wp-content\/uploads\/2022\/01\/interier_logook.jpg\" \/>\n\t<meta property=\"og:image:width\" content=\"1000\" \/>\n\t<meta property=\"og:image:height\" content=\"759\" \/>\n\t<meta property=\"og:image:type\" content=\"image\/jpeg\" \/>\n<meta name=\"twitter:card\" content=\"summary_large_image\" \/>\n<meta name=\"twitter:label1\" content=\"Odhadovan\u00e1 doba \u010dten\u00ed\" \/>\n\t<meta name=\"twitter:data1\" content=\"1 minuta\" \/>\n<script type=\"application\/ld+json\" class=\"yoast-schema-graph\">{\"@context\":\"https:\/\/schema.org\",\"@graph\":[{\"@type\":\"Organization\",\"@id\":\"https:\/\/www.majvej.cz\/#organization\",\"name\":\"Kade\u0159nictv\u00ed Majvej\",\"url\":\"https:\/\/www.majvej.cz\/\",\"sameAs\":[\"https:\/\/www.facebook.com\/Majvej-kade\u0159nictv\u00ed-101940882348115\/\"],\"logo\":{\"@type\":\"ImageObject\",\"@id\":\"https:\/\/www.majvej.cz\/#logo\",\"inLanguage\":\"cs\",\"url\":\"https:\/\/www.majvej.cz\/wp-content\/uploads\/2022\/01\/cropped-majvej_V_trans_small.png\",\"contentUrl\":\"https:\/\/www.majvej.cz\/wp-content\/uploads\/2022\/01\/cropped-majvej_V_trans_small.png\",\"width\":400,\"height\":320,\"caption\":\"Kade\u0159nictv\u00ed Majvej\"},\"image\":{\"@id\":\"https:\/\/www.majvej.cz\/#logo\"}},{\"@type\":\"WebSite\",\"@id\":\"https:\/\/www.majvej.cz\/#website\",\"url\":\"https:\/\/www.majvej.cz\/\",\"name\":\"Kade\u0159nictv\u00ed Majvej Kounice\",\"description\":\"Kade\u0159nictv\u00ed Majvej Kounice\",\"publisher\":{\"@id\":\"https:\/\/www.majvej.cz\/#organization\"},\"potentialAction\":[{\"@type\":\"SearchAction\",\"target\":{\"@type\":\"EntryPoint\",\"urlTemplate\":\"https:\/\/www.majvej.cz\/?s={search_term_string}\"},\"query-input\":\"required name=search_term_string\"}],\"inLanguage\":\"cs\"},{\"@type\":\"WebPage\",\"@id\":\"https:\/\/www.majvej.cz\/?page_id=19#webpage\",\"url\":\"https:\/\/www.majvej.cz\/?page_id=19\",\"name\":\"Kontakty - Kade\u0159nictv\u00ed Majvej Kounice\",\"isPartOf\":{\"@id\":\"https:\/\/www.majvej.cz\/#website\"},\"datePublished\":\"2022-01-26T11:29:51+00:00\",\"dateModified\":\"2022-02-08T11:23:39+00:00\",\"description\":\"objedn\u00e1vky na tel +420 608 222 498\",\"breadcrumb\":{\"@id\":\"https:\/\/www.majvej.cz\/?page_id=19#breadcrumb\"},\"inLanguage\":\"cs\",\"potentialAction\":[{\"@type\":\"ReadAction\",\"target\":[\"https:\/\/www.majvej.cz\/?page_id=19\"]}]},{\"@type\":\"BreadcrumbList\",\"@id\":\"https:\/\/www.majvej.cz\/?page_id=19#breadcrumb\",\"itemListElement\":[{\"@type\":\"ListItem\",\"position\":1,\"name\":\"Home\",\"item\":\"https:\/\/www.majvej.cz\/\"},{\"@type\":\"ListItem\",\"position\":2,\"name\":\"Kontakty\"}]}]}<\/script>\n<!-- \/ Yoast SEO plugin. -->","yoast_head_json":{"title":"Kontakty - Kade\u0159nictv\u00ed Majvej Kounice","description":"objedn\u00e1vky na tel +420 608 222 498","robots":{"index":"index","follow":"follow","max-snippet":"max-snippet:-1","max-image-preview":"max-image-preview:large","max-video-preview":"max-video-preview:-1"},"canonical":"https:\/\/www.majvej.cz\/?page_id=19","og_locale":"cs_CZ","og_type":"article","og_title":"Kontakty - Kade\u0159nictv\u00ed Majvej Kounice","og_description":"objedn\u00e1vky na tel +420 608 222 498","og_url":"https:\/\/www.majvej.cz\/?page_id=19","og_site_name":"Kade\u0159nictv\u00ed Majvej Kounice","article_publisher":"https:\/\/www.facebook.com\/Majvej-kade%c5%99nictv%c3%ad-101940882348115\/","article_modified_time":"2022-02-08T11:23:39+00:00","og_image":[{"width":1000,"height":759,"url":"https:\/\/www.majvej.cz\/wp-content\/uploads\/2022\/01\/interier_logook.jpg","type":"image\/jpeg"}],"twitter_card":"summary_large_image","twitter_misc":{"Odhadovan\u00e1 doba \u010dten\u00ed":"1 minuta"},"schema":{"@context":"https:\/\/schema.org","@graph":[{"@type":"Organization","@id":"https:\/\/www.majvej.cz\/#organization","name":"Kade\u0159nictv\u00ed Majvej","url":"https:\/\/www.majvej.cz\/","sameAs":["https:\/\/www.facebook.com\/Majvej-kade\u0159nictv\u00ed-101940882348115\/"],"logo":{"@type":"ImageObject","@id":"https:\/\/www.majvej.cz\/#logo","inLanguage":"cs","url":"https:\/\/www.majvej.cz\/wp-content\/uploads\/2022\/01\/cropped-majvej_V_trans_small.png","contentUrl":"https:\/\/www.majvej.cz\/wp-content\/uploads\/2022\/01\/cropped-majvej_V_trans_small.png","width":400,"height":320,"caption":"Kade\u0159nictv\u00ed Majvej"},"image":{"@id":"https:\/\/www.majvej.cz\/#logo"}},{"@type":"WebSite","@id":"https:\/\/www.majvej.cz\/#website","url":"https:\/\/www.majvej.cz\/","name":"Kade\u0159nictv\u00ed Majvej Kounice","description":"Kade\u0159nictv\u00ed Majvej Kounice","publisher":{"@id":"https:\/\/www.majvej.cz\/#organization"},"potentialAction":[{"@type":"SearchAction","target":{"@type":"EntryPoint","urlTemplate":"https:\/\/www.majvej.cz\/?s={search_term_string}"},"query-input":"required name=search_term_string"}],"inLanguage":"cs"},{"@type":"WebPage","@id":"https:\/\/www.majvej.cz\/?page_id=19#webpage","url":"https:\/\/www.majvej.cz\/?page_id=19","name":"Kontakty - Kade\u0159nictv\u00ed Majvej Kounice","isPartOf":{"@id":"https:\/\/www.majvej.cz\/#website"},"datePublished":"2022-01-26T11:29:51+00:00","dateModified":"2022-02-08T11:23:39+00:00","description":"objedn\u00e1vky na tel +420 608 222 498","breadcrumb":{"@id":"https:\/\/www.majvej.cz\/?page_id=19#breadcrumb"},"inLanguage":"cs","potentialAction":[{"@type":"ReadAction","target":["https:\/\/www.majvej.cz\/?page_id=19"]}]},{"@type":"BreadcrumbList","@id":"https:\/\/www.majvej.cz\/?page_id=19#breadcrumb","itemListElement":[{"@type":"ListItem","position":1,"name":"Home","item":"https:\/\/www.majvej.cz\/"},{"@type":"ListItem","position":2,"name":"Kontakty"}]}]}},"_links":{"self":[{"href":"https:\/\/www.majvej.cz\/index.php?rest_route=\/wp\/v2\/pages\/19"}],"collection":[{"href":"https:\/\/www.majvej.cz\/index.php?rest_route=\/wp\/v2\/pages"}],"about":[{"href":"https:\/\/www.majvej.cz\/index.php?rest_route=\/wp\/v2\/types\/page"}],"author":[{"embeddable":true,"href":"https:\/\/www.majvej.cz\/index.php?rest_route=\/wp\/v2\/users\/1"}],"replies":[{"embeddable":true,"href":"https:\/\/www.majvej.cz\/index.php?rest_route=%2Fwp%2Fv2%2Fcomments&post=19"}],"version-history":[{"count":21,"href":"https:\/\/www.majvej.cz\/index.php?rest_route=\/wp\/v2\/pages\/19\/revisions"}],"predecessor-version":[{"id":209,"href":"https:\/\/www.majvej.cz\/index.php?rest_route=\/wp\/v2\/pages\/19\/revisions\/209"}],"wp:attachment":[{"href":"https:\/\/www.majvej.cz\/index.php?rest_route=%2Fwp%2Fv2%2Fmedia&parent=19"}],"curies":[{"name":"wp","href":"https:\/\/api.w.org\/{rel}","templated":true}]}}