{"id":72,"date":"2022-01-28T10:02:28","date_gmt":"2022-01-28T09:02:28","guid":{"rendered":"https:\/\/www.majvej.cz\/?page_id=72"},"modified":"2022-02-09T11:46:51","modified_gmt":"2022-02-09T10:46:51","slug":"home","status":"publish","type":"page","link":"https:\/\/www.majvej.cz\/","title":{"rendered":"Home"},"content":{"rendered":"\t\t<div data-elementor-type=\"wp-page\" data-elementor-id=\"72\" class=\"elementor elementor-72\">\n\t\t\t\t\t\t<div class=\"elementor-inner\">\n\t\t\t\t<div class=\"elementor-section-wrap\">\n\t\t\t\t\t\t\t\t\t<section class=\"elementor-section elementor-top-section elementor-element elementor-element-b8k9s7v elementor-section-boxed elementor-section-height-default elementor-section-height-default\" data-id=\"b8k9s7v\" data-element_type=\"section\">\n\t\t\t\t\t\t<div class=\"elementor-container elementor-column-gap-no\">\n\t\t\t\t\t\t\t<div class=\"elementor-row\">\n\t\t\t\t\t<div class=\"elementor-column elementor-col-50 elementor-top-column elementor-element elementor-element-e200ef8\" data-id=\"e200ef8\" data-element_type=\"column\" data-settings=\"{&quot;background_background&quot;:&quot;slideshow&quot;,&quot;background_slideshow_gallery&quot;:[{&quot;id&quot;:131,&quot;url&quot;:&quot;https:\\\/\\\/www.majvej.cz\\\/wp-content\\\/uploads\\\/2022\\\/01\\\/interier_small2ok.jpg&quot;}],&quot;background_slideshow_loop&quot;:&quot;yes&quot;,&quot;background_slideshow_slide_duration&quot;:5000,&quot;background_slideshow_slide_transition&quot;:&quot;fade&quot;,&quot;background_slideshow_transition_duration&quot;:500}\">\n\t\t\t<div class=\"elementor-column-wrap elementor-element-populated\">\n\t\t\t\t\t\t\t<div class=\"elementor-widget-wrap\">\n\t\t\t\t\t\t<div class=\"elementor-element elementor-element-295cae8 elementor-widget elementor-widget-image\" data-id=\"295cae8\" data-element_type=\"widget\" data-widget_type=\"image.default\">\n\t\t\t\t<div class=\"elementor-widget-container\">\n\t\t\t\t\t\t\t\t<div class=\"elementor-image\">\n\t\t\t\t\t\t\t\t\t\t\t\t<img decoding=\"async\" width=\"1000\" height=\"759\" src=\"https:\/\/www.majvej.cz\/wp-content\/uploads\/2022\/01\/interier_logook.jpg\" class=\"attachment-full size-full wp-image-132\" alt=\"\" loading=\"lazy\" srcset=\"https:\/\/www.majvej.cz\/wp-content\/uploads\/2022\/01\/interier_logook.jpg 1000w, https:\/\/www.majvej.cz\/wp-content\/uploads\/2022\/01\/interier_logook-300x228.jpg 300w, https:\/\/www.majvej.cz\/wp-content\/uploads\/2022\/01\/interier_logook-768x583.jpg 768w\" sizes=\"(max-width: 1000px) 100vw, 1000px\" \/>\t\t\t\t\t\t\t\t\t\t\t\t\t\t<\/div>\n\t\t\t\t\t\t<\/div>\n\t\t\t\t<\/div>\n\t\t\t\t\t\t<\/div>\n\t\t\t\t\t<\/div>\n\t\t<\/div>\n\t\t\t\t<div class=\"elementor-column elementor-col-50 elementor-top-column elementor-element elementor-element-212ba7e\" data-id=\"212ba7e\" data-element_type=\"column\">\n\t\t\t<div class=\"elementor-column-wrap elementor-element-populated\">\n\t\t\t\t\t\t\t<div class=\"elementor-widget-wrap\">\n\t\t\t\t\t\t<div class=\"elementor-element elementor-element-f0caa1a elementor-widget elementor-widget-spacer\" data-id=\"f0caa1a\" data-element_type=\"widget\" data-widget_type=\"spacer.default\">\n\t\t\t\t<div class=\"elementor-widget-container\">\n\t\t\t\t\t<div class=\"elementor-spacer\">\n\t\t\t<div class=\"elementor-spacer-inner\"><\/div>\n\t\t<\/div>\n\t\t\t\t<\/div>\n\t\t\t\t<\/div>\n\t\t\t\t<div class=\"elementor-element elementor-element-6fb34f3 elementor-widget elementor-widget-heading\" data-id=\"6fb34f3\" data-element_type=\"widget\" data-widget_type=\"heading.default\">\n\t\t\t\t<div class=\"elementor-widget-container\">\n\t\t\t<h2 class=\"elementor-heading-title elementor-size-default\">Nov\u00fd kade\u0159nick\u00fd sal\u00f3n <br>v obci Kounice <\/h2>\t\t<\/div>\n\t\t\t\t<\/div>\n\t\t\t\t<div class=\"elementor-element elementor-element-27273e1 elementor-widget elementor-widget-heading\" data-id=\"27273e1\" data-element_type=\"widget\" data-widget_type=\"heading.default\">\n\t\t\t\t<div class=\"elementor-widget-container\">\n\t\t\t<h2 class=\"elementor-heading-title elementor-size-default\">D\u00e1msk\u00e9 , pansk\u00e9 i d\u011btsk\u00e9 <\/h2>\t\t<\/div>\n\t\t\t\t<\/div>\n\t\t\t\t<div class=\"elementor-element elementor-element-83a21dc elementor-widget elementor-widget-text-editor\" data-id=\"83a21dc\" data-element_type=\"widget\" data-widget_type=\"text-editor.default\">\n\t\t\t\t<div class=\"elementor-widget-container\">\n\t\t\t\t\t\t\t\t<div class=\"elementor-text-editor elementor-clearfix\">\n\t\t\t\t\t\t\t\t\t<\/div>\n\t\t\t\t\t\t<\/div>\n\t\t\t\t<\/div>\n\t\t\t\t<div class=\"elementor-element elementor-element-91c7c7a elementor-widget__width-auto elementor-view-default elementor-widget elementor-widget-icon\" data-id=\"91c7c7a\" data-element_type=\"widget\" data-widget_type=\"icon.default\">\n\t\t\t\t<div class=\"elementor-widget-container\">\n\t\t\t\t\t<div class=\"elementor-icon-wrapper\">\n\t\t\t<div class=\"elementor-icon\">\n\t\t\t\t\t\t<\/div>\n\t\t<\/div>\n\t\t\t\t<\/div>\n\t\t\t\t<\/div>\n\t\t\t\t<div class=\"elementor-element elementor-element-3c9ead4 elementor-widget elementor-widget-text-editor\" data-id=\"3c9ead4\" data-element_type=\"widget\" data-widget_type=\"text-editor.default\">\n\t\t\t\t<div class=\"elementor-widget-container\">\n\t\t\t\t\t\t\t\t<div class=\"elementor-text-editor elementor-clearfix\">\n\t\t\t\t<p><strong>Jmenuji se Veronika Chovancov\u00e1 a budu r\u00e1da, pokud se na m\u011b obr\u00e1t\u00edte s p\u00e9\u010d\u00ed o va\u0161e vlasy. <br \/>Pracuji s profesion\u00e1ln\u00ed zna\u010dkou \u00a0Matrix.<\/strong><\/p><p><strong>\u00a0<\/strong><\/p><p><strong>Co d\u011bl\u00e1m:<\/strong><\/p><p><strong>St\u0159\u00edh\u00e1n\u00ed, barven\u00ed, mel\u00edrov\u00e1n\u00ed,<\/strong><\/p><p><strong>Svatebn\u00ed a spole\u010densk\u00e9 \u00fa\u010desy + make-up<\/strong><\/p>\t\t\t\t\t<\/div>\n\t\t\t\t\t\t<\/div>\n\t\t\t\t<\/div>\n\t\t\t\t<div class=\"elementor-element elementor-element-7f3bbd3 elementor-vertical-align-middle elementor-position-top elementor-widget elementor-widget-image-box\" data-id=\"7f3bbd3\" data-element_type=\"widget\" data-widget_type=\"image-box.default\">\n\t\t\t\t<div class=\"elementor-widget-container\">\n\t\t\t<div class=\"elementor-image-box-wrapper\"><figure class=\"elementor-image-box-img\"><img decoding=\"async\" width=\"371\" height=\"57\" src=\"https:\/\/www.majvej.cz\/wp-content\/uploads\/2022\/01\/podpis.png\" class=\"attachment-full size-full wp-image-14\" alt=\"\" loading=\"lazy\" srcset=\"https:\/\/www.majvej.cz\/wp-content\/uploads\/2022\/01\/podpis.png 371w, https:\/\/www.majvej.cz\/wp-content\/uploads\/2022\/01\/podpis-300x46.png 300w\" sizes=\"(max-width: 371px) 100vw, 371px\" \/><\/figure><div class=\"elementor-image-box-content\"><p class=\"elementor-image-box-description\">Majitelka<\/p><\/div><\/div>\t\t<\/div>\n\t\t\t\t<\/div>\n\t\t\t\t\t\t<\/div>\n\t\t\t\t\t<\/div>\n\t\t<\/div>\n\t\t\t\t\t\t\t\t<\/div>\n\t\t\t\t\t<\/div>\n\t\t<\/section>\n\t\t\t\t<section class=\"elementor-section elementor-top-section elementor-element elementor-element-ln4ibs1 elementor-section-full_width elementor-section-height-default elementor-section-height-default\" data-id=\"ln4ibs1\" data-element_type=\"section\" data-settings=\"{&quot;background_background&quot;:&quot;classic&quot;}\">\n\t\t\t\t\t\t\t<div class=\"elementor-background-overlay\"><\/div>\n\t\t\t\t\t\t\t<div class=\"elementor-container elementor-column-gap-no\">\n\t\t\t\t\t\t\t<div class=\"elementor-row\">\n\t\t\t\t\t<div class=\"elementor-column elementor-col-100 elementor-top-column elementor-element elementor-element-7125eda\" data-id=\"7125eda\" data-element_type=\"column\">\n\t\t\t<div class=\"elementor-column-wrap elementor-element-populated\">\n\t\t\t\t\t\t\t<div class=\"elementor-widget-wrap\">\n\t\t\t\t\t\t<div class=\"elementor-element elementor-element-45d7ad9 elementor-widget elementor-widget-heading\" data-id=\"45d7ad9\" data-element_type=\"widget\" data-widget_type=\"heading.default\">\n\t\t\t\t<div class=\"elementor-widget-container\">\n\t\t\t<h3 class=\"elementor-heading-title elementor-size-default\">Nejlep\u0161\u00ed recept na kr\u00e1sn\u00e9 a zdrav\u00e9 vlasy<\/h3>\t\t<\/div>\n\t\t\t\t<\/div>\n\t\t\t\t\t\t<\/div>\n\t\t\t\t\t<\/div>\n\t\t<\/div>\n\t\t\t\t\t\t\t\t<\/div>\n\t\t\t\t\t<\/div>\n\t\t<\/section>\n\t\t\t\t\t\t\t\t\t<\/div>\n\t\t\t<\/div>\n\t\t\t\t\t<\/div>\n\t\t","protected":false},"excerpt":{"rendered":"<p>Nov\u00fd kade\u0159nick\u00fd sal\u00f3n v obci Kounice D\u00e1msk\u00e9 , pansk\u00e9 i d\u011btsk\u00e9 Jmenuji se Veronika Chovancov\u00e1 a budu r\u00e1da, pokud se na m\u011b obr\u00e1t\u00edte s p\u00e9\u010d\u00ed o va\u0161e vlasy. Pracuji s profesion\u00e1ln\u00ed zna\u010dkou \u00a0Matrix. \u00a0 Co d\u011bl\u00e1m: St\u0159\u00edh\u00e1n\u00ed, barven\u00ed, mel\u00edrov\u00e1n\u00ed, Svatebn\u00ed a spole\u010densk\u00e9 \u00fa\u010desy + make-up Majitelka Nejlep\u0161\u00ed recept na kr\u00e1sn\u00e9 a zdrav\u00e9 vlasy<\/p>\n","protected":false},"author":1,"featured_media":0,"parent":0,"menu_order":0,"comment_status":"closed","ping_status":"closed","template":"","meta":[],"yoast_head":"<!-- This site is optimized with the Yoast SEO plugin v18.1 - https:\/\/yoast.com\/wordpress\/plugins\/seo\/ -->\n<title>Home - Kade\u0159nictv\u00ed Majvej Kounice<\/title>\n<meta name=\"description\" content=\"Jsme nov\u00e9 kade\u0159nictv\u00ed v obci Kounice. P\u00e1nsk\u00e9, d\u00e1msk\u00e9, d\u011btsk\u00e9, barven\u00ed, mel\u00edry, spole\u010densk\u00e9 a svatebn\u00ed \u00fa\u010desy. Objedn\u00e1vky p\u0159ij\u00edm\u00e1me na telefonu 608 222 498\" \/>\n<meta name=\"robots\" content=\"index, follow, max-snippet:-1, max-image-preview:large, max-video-preview:-1\" \/>\n<link rel=\"canonical\" href=\"https:\/\/www.majvej.cz\/\" \/>\n<meta property=\"og:locale\" content=\"cs_CZ\" \/>\n<meta property=\"og:type\" content=\"article\" \/>\n<meta property=\"og:title\" content=\"Home - Kade\u0159nictv\u00ed Majvej Kounice\" \/>\n<meta property=\"og:description\" content=\"Jsme nov\u00e9 kade\u0159nictv\u00ed v obci Kounice. P\u00e1nsk\u00e9, d\u00e1msk\u00e9, d\u011btsk\u00e9, barven\u00ed, mel\u00edry, spole\u010densk\u00e9 a svatebn\u00ed \u00fa\u010desy. Objedn\u00e1vky p\u0159ij\u00edm\u00e1me na telefonu 608 222 498\" \/>\n<meta property=\"og:url\" content=\"https:\/\/www.majvej.cz\/\" \/>\n<meta property=\"og:site_name\" content=\"Kade\u0159nictv\u00ed Majvej Kounice\" \/>\n<meta property=\"article:publisher\" content=\"https:\/\/www.facebook.com\/Majvej-kade%c5%99nictv%c3%ad-101940882348115\/\" \/>\n<meta property=\"article:modified_time\" content=\"2022-02-09T10:46:51+00:00\" \/>\n<meta property=\"og:image\" content=\"https:\/\/www.majvej.cz\/wp-content\/uploads\/2022\/01\/interier_logook.jpg\" \/>\n<meta name=\"twitter:card\" content=\"summary_large_image\" \/>\n<meta name=\"twitter:label1\" content=\"Odhadovan\u00e1 doba \u010dten\u00ed\" \/>\n\t<meta name=\"twitter:data1\" content=\"1 minuta\" \/>\n<script type=\"application\/ld+json\" class=\"yoast-schema-graph\">{\"@context\":\"https:\/\/schema.org\",\"@graph\":[{\"@type\":\"Organization\",\"@id\":\"https:\/\/www.majvej.cz\/#organization\",\"name\":\"Kade\u0159nictv\u00ed Majvej\",\"url\":\"https:\/\/www.majvej.cz\/\",\"sameAs\":[\"https:\/\/www.facebook.com\/Majvej-kade\u0159nictv\u00ed-101940882348115\/\"],\"logo\":{\"@type\":\"ImageObject\",\"@id\":\"https:\/\/www.majvej.cz\/#logo\",\"inLanguage\":\"cs\",\"url\":\"https:\/\/www.majvej.cz\/wp-content\/uploads\/2022\/01\/cropped-majvej_V_trans_small.png\",\"contentUrl\":\"https:\/\/www.majvej.cz\/wp-content\/uploads\/2022\/01\/cropped-majvej_V_trans_small.png\",\"width\":400,\"height\":320,\"caption\":\"Kade\u0159nictv\u00ed Majvej\"},\"image\":{\"@id\":\"https:\/\/www.majvej.cz\/#logo\"}},{\"@type\":\"WebSite\",\"@id\":\"https:\/\/www.majvej.cz\/#website\",\"url\":\"https:\/\/www.majvej.cz\/\",\"name\":\"Kade\u0159nictv\u00ed Majvej Kounice\",\"description\":\"Kade\u0159nictv\u00ed Majvej Kounice\",\"publisher\":{\"@id\":\"https:\/\/www.majvej.cz\/#organization\"},\"potentialAction\":[{\"@type\":\"SearchAction\",\"target\":{\"@type\":\"EntryPoint\",\"urlTemplate\":\"https:\/\/www.majvej.cz\/?s={search_term_string}\"},\"query-input\":\"required name=search_term_string\"}],\"inLanguage\":\"cs\"},{\"@type\":\"ImageObject\",\"@id\":\"https:\/\/www.majvej.cz\/#primaryimage\",\"inLanguage\":\"cs\",\"url\":\"https:\/\/www.majvej.cz\/wp-content\/uploads\/2022\/01\/interier_logook.jpg\",\"contentUrl\":\"https:\/\/www.majvej.cz\/wp-content\/uploads\/2022\/01\/interier_logook.jpg\",\"width\":1000,\"height\":759},{\"@type\":\"WebPage\",\"@id\":\"https:\/\/www.majvej.cz\/#webpage\",\"url\":\"https:\/\/www.majvej.cz\/\",\"name\":\"Home - Kade\u0159nictv\u00ed Majvej Kounice\",\"isPartOf\":{\"@id\":\"https:\/\/www.majvej.cz\/#website\"},\"primaryImageOfPage\":{\"@id\":\"https:\/\/www.majvej.cz\/#primaryimage\"},\"datePublished\":\"2022-01-28T09:02:28+00:00\",\"dateModified\":\"2022-02-09T10:46:51+00:00\",\"description\":\"Jsme nov\u00e9 kade\u0159nictv\u00ed v obci Kounice. P\u00e1nsk\u00e9, d\u00e1msk\u00e9, d\u011btsk\u00e9, barven\u00ed, mel\u00edry, spole\u010densk\u00e9 a svatebn\u00ed \u00fa\u010desy. Objedn\u00e1vky p\u0159ij\u00edm\u00e1me na telefonu 608 222 498\",\"breadcrumb\":{\"@id\":\"https:\/\/www.majvej.cz\/#breadcrumb\"},\"inLanguage\":\"cs\",\"potentialAction\":[{\"@type\":\"ReadAction\",\"target\":[\"https:\/\/www.majvej.cz\/\"]}]},{\"@type\":\"BreadcrumbList\",\"@id\":\"https:\/\/www.majvej.cz\/#breadcrumb\",\"itemListElement\":[{\"@type\":\"ListItem\",\"position\":1,\"name\":\"Home\",\"item\":\"https:\/\/www.majvej.cz\/\"},{\"@type\":\"ListItem\",\"position\":2,\"name\":\"Home\"}]}]}<\/script>\n<!-- \/ Yoast SEO plugin. -->","yoast_head_json":{"title":"Home - Kade\u0159nictv\u00ed Majvej Kounice","description":"Jsme nov\u00e9 kade\u0159nictv\u00ed v obci Kounice. P\u00e1nsk\u00e9, d\u00e1msk\u00e9, d\u011btsk\u00e9, barven\u00ed, mel\u00edry, spole\u010densk\u00e9 a svatebn\u00ed \u00fa\u010desy. Objedn\u00e1vky p\u0159ij\u00edm\u00e1me na telefonu 608 222 498","robots":{"index":"index","follow":"follow","max-snippet":"max-snippet:-1","max-image-preview":"max-image-preview:large","max-video-preview":"max-video-preview:-1"},"canonical":"https:\/\/www.majvej.cz\/","og_locale":"cs_CZ","og_type":"article","og_title":"Home - Kade\u0159nictv\u00ed Majvej Kounice","og_description":"Jsme nov\u00e9 kade\u0159nictv\u00ed v obci Kounice. P\u00e1nsk\u00e9, d\u00e1msk\u00e9, d\u011btsk\u00e9, barven\u00ed, mel\u00edry, spole\u010densk\u00e9 a svatebn\u00ed \u00fa\u010desy. Objedn\u00e1vky p\u0159ij\u00edm\u00e1me na telefonu 608 222 498","og_url":"https:\/\/www.majvej.cz\/","og_site_name":"Kade\u0159nictv\u00ed Majvej Kounice","article_publisher":"https:\/\/www.facebook.com\/Majvej-kade%c5%99nictv%c3%ad-101940882348115\/","article_modified_time":"2022-02-09T10:46:51+00:00","og_image":[{"url":"https:\/\/www.majvej.cz\/wp-content\/uploads\/2022\/01\/interier_logook.jpg"}],"twitter_card":"summary_large_image","twitter_misc":{"Odhadovan\u00e1 doba \u010dten\u00ed":"1 minuta"},"schema":{"@context":"https:\/\/schema.org","@graph":[{"@type":"Organization","@id":"https:\/\/www.majvej.cz\/#organization","name":"Kade\u0159nictv\u00ed Majvej","url":"https:\/\/www.majvej.cz\/","sameAs":["https:\/\/www.facebook.com\/Majvej-kade\u0159nictv\u00ed-101940882348115\/"],"logo":{"@type":"ImageObject","@id":"https:\/\/www.majvej.cz\/#logo","inLanguage":"cs","url":"https:\/\/www.majvej.cz\/wp-content\/uploads\/2022\/01\/cropped-majvej_V_trans_small.png","contentUrl":"https:\/\/www.majvej.cz\/wp-content\/uploads\/2022\/01\/cropped-majvej_V_trans_small.png","width":400,"height":320,"caption":"Kade\u0159nictv\u00ed Majvej"},"image":{"@id":"https:\/\/www.majvej.cz\/#logo"}},{"@type":"WebSite","@id":"https:\/\/www.majvej.cz\/#website","url":"https:\/\/www.majvej.cz\/","name":"Kade\u0159nictv\u00ed Majvej Kounice","description":"Kade\u0159nictv\u00ed Majvej Kounice","publisher":{"@id":"https:\/\/www.majvej.cz\/#organization"},"potentialAction":[{"@type":"SearchAction","target":{"@type":"EntryPoint","urlTemplate":"https:\/\/www.majvej.cz\/?s={search_term_string}"},"query-input":"required name=search_term_string"}],"inLanguage":"cs"},{"@type":"ImageObject","@id":"https:\/\/www.majvej.cz\/#primaryimage","inLanguage":"cs","url":"https:\/\/www.majvej.cz\/wp-content\/uploads\/2022\/01\/interier_logook.jpg","contentUrl":"https:\/\/www.majvej.cz\/wp-content\/uploads\/2022\/01\/interier_logook.jpg","width":1000,"height":759},{"@type":"WebPage","@id":"https:\/\/www.majvej.cz\/#webpage","url":"https:\/\/www.majvej.cz\/","name":"Home - Kade\u0159nictv\u00ed Majvej Kounice","isPartOf":{"@id":"https:\/\/www.majvej.cz\/#website"},"primaryImageOfPage":{"@id":"https:\/\/www.majvej.cz\/#primaryimage"},"datePublished":"2022-01-28T09:02:28+00:00","dateModified":"2022-02-09T10:46:51+00:00","description":"Jsme nov\u00e9 kade\u0159nictv\u00ed v obci Kounice. P\u00e1nsk\u00e9, d\u00e1msk\u00e9, d\u011btsk\u00e9, barven\u00ed, mel\u00edry, spole\u010densk\u00e9 a svatebn\u00ed \u00fa\u010desy. Objedn\u00e1vky p\u0159ij\u00edm\u00e1me na telefonu 608 222 498","breadcrumb":{"@id":"https:\/\/www.majvej.cz\/#breadcrumb"},"inLanguage":"cs","potentialAction":[{"@type":"ReadAction","target":["https:\/\/www.majvej.cz\/"]}]},{"@type":"BreadcrumbList","@id":"https:\/\/www.majvej.cz\/#breadcrumb","itemListElement":[{"@type":"ListItem","position":1,"name":"Home","item":"https:\/\/www.majvej.cz\/"},{"@type":"ListItem","position":2,"name":"Home"}]}]}},"_links":{"self":[{"href":"https:\/\/www.majvej.cz\/index.php?rest_route=\/wp\/v2\/pages\/72"}],"collection":[{"href":"https:\/\/www.majvej.cz\/index.php?rest_route=\/wp\/v2\/pages"}],"about":[{"href":"https:\/\/www.majvej.cz\/index.php?rest_route=\/wp\/v2\/types\/page"}],"author":[{"embeddable":true,"href":"https:\/\/www.majvej.cz\/index.php?rest_route=\/wp\/v2\/users\/1"}],"replies":[{"embeddable":true,"href":"https:\/\/www.majvej.cz\/index.php?rest_route=%2Fwp%2Fv2%2Fcomments&post=72"}],"version-history":[{"count":47,"href":"https:\/\/www.majvej.cz\/index.php?rest_route=\/wp\/v2\/pages\/72\/revisions"}],"predecessor-version":[{"id":202,"href":"https:\/\/www.majvej.cz\/index.php?rest_route=\/wp\/v2\/pages\/72\/revisions\/202"}],"wp:attachment":[{"href":"https:\/\/www.majvej.cz\/index.php?rest_route=%2Fwp%2Fv2%2Fmedia&parent=72"}],"curies":[{"name":"wp","href":"https:\/\/api.w.org\/{rel}","templated":true}]}}